{"id":12347,"date":"2022-10-13T15:15:13","date_gmt":"2022-10-13T15:15:13","guid":{"rendered":"https:\/\/www.smilinggecko.ch\/?page_id=12347"},"modified":"2022-10-17T14:54:52","modified_gmt":"2022-10-17T14:54:52","slug":"spenden-deutschland","status":"publish","type":"page","link":"https:\/\/www.smilinggecko.ch\/de\/spenden-deutschland\/","title":{"rendered":"Spenden Deutschland"},"content":{"rendered":"\t\t<div data-elementor-type=\"wp-page\" data-elementor-id=\"12347\" class=\"elementor elementor-12347\">\n\t\t\t\t\t\t<div class=\"elementor-inner\">\n\t\t\t\t<div class=\"elementor-section-wrap\">\n\t\t\t\t\t\t\t\t\t<section class=\"elementor-section elementor-top-section elementor-element elementor-element-b74e0ff elementor-section-boxed elementor-section-height-default elementor-section-height-default\" data-id=\"b74e0ff\" data-element_type=\"section\">\n\t\t\t\t\t\t<div class=\"elementor-container elementor-column-gap-default\">\n\t\t\t\t\t\t\t<div class=\"elementor-row\">\n\t\t\t\t\t<div class=\"elementor-column elementor-col-100 elementor-top-column elementor-element elementor-element-acfc8b0\" data-id=\"acfc8b0\" data-element_type=\"column\">\n\t\t\t<div class=\"elementor-column-wrap elementor-element-populated\">\n\t\t\t\t\t\t\t<div class=\"elementor-widget-wrap\">\n\t\t\t\t\t\t<div class=\"elementor-element elementor-element-d57c718 elementor-widget elementor-widget-text-editor\" data-id=\"d57c718\" data-element_type=\"widget\" data-widget_type=\"text-editor.default\">\n\t\t\t\t<div class=\"elementor-widget-container\">\n\t\t\t        <div class=\"elementor-text-editor elementor-clearfix\"><p>Spenden und Legate<\/p><\/div>\n        \t\t<\/div>\n\t\t\t\t<\/div>\n\t\t\t\t<div class=\"elementor-element elementor-element-ac83cd9 elementor-widget elementor-widget-heading\" data-id=\"ac83cd9\" data-element_type=\"widget\" data-widget_type=\"heading.default\">\n\t\t\t\t<div class=\"elementor-widget-container\">\n\t\t\t<h1 class=\"elementor-heading-title elementor-size-default\"><span class=\"elementor-heading-title elementor-size-default elementor-inline-editing pen\" data-elementor-setting-key=\"title\" data-pen-placeholder=\"Eingabe hier...\" style=\", Arial, sans-serif;clear: both\">SPENDEN UND LEGATE<\/span><\/h1>\t\t<\/div>\n\t\t\t\t<\/div>\n\t\t\t\t\t\t<\/div>\n\t\t\t\t\t<\/div>\n\t\t<\/div>\n\t\t\t\t\t\t\t\t<\/div>\n\t\t\t\t\t<\/div>\n\t\t<\/section>\n\t\t\t\t<section class=\"elementor-section elementor-top-section elementor-element elementor-element-9ea47d3 elementor-section-boxed elementor-section-height-default elementor-section-height-default\" data-id=\"9ea47d3\" data-element_type=\"section\">\n\t\t\t\t\t\t<div class=\"elementor-container elementor-column-gap-default\">\n\t\t\t\t\t\t\t<div class=\"elementor-row\">\n\t\t\t\t\t<div class=\"elementor-column elementor-col-100 elementor-top-column elementor-element elementor-element-18d8060\" data-id=\"18d8060\" data-element_type=\"column\">\n\t\t\t<div class=\"elementor-column-wrap elementor-element-populated\">\n\t\t\t\t\t\t\t<div class=\"elementor-widget-wrap\">\n\t\t\t\t\t\t<div class=\"elementor-element elementor-element-ddbd11c elementor-widget elementor-widget-text-editor\" data-id=\"ddbd11c\" data-element_type=\"widget\" data-widget_type=\"text-editor.default\">\n\t\t\t\t<div class=\"elementor-widget-container\">\n\t\t\t        <div class=\"elementor-text-editor elementor-clearfix\"><p>Die Wege, wie sie Smiling Gecko unterst\u00fctzen k\u00f6nnen, sind so vielf\u00e4ltig wie die Bed\u00fcrfnisse, mit denen wir Tag f\u00fcr Tag in Kambodscha konfrontiert werden.<\/p><p><span style=\"font-size: 17px;\">Auch Jahrzehnte nach dem Ende des B\u00fcrgerkriegs leben weite Teile der Bev\u00f6lkerung in bitterster Armut. Wir sind \u00fcberzeugt, dass es mit Bildung einen Weg aus dieser Armut gibt. Wir freuen uns, wie sie mit ihrer Spende oder ihrem Verm\u00e4chtnis bei der Vermittlung dieser Bildung helfen.<\/span><\/p><\/div>\n        \t\t<\/div>\n\t\t\t\t<\/div>\n\t\t\t\t\t\t<\/div>\n\t\t\t\t\t<\/div>\n\t\t<\/div>\n\t\t\t\t\t\t\t\t<\/div>\n\t\t\t\t\t<\/div>\n\t\t<\/section>\n\t\t\t\t<section class=\"elementor-section elementor-top-section elementor-element elementor-element-b34485f elementor-section-boxed elementor-section-height-default elementor-section-height-default\" data-id=\"b34485f\" data-element_type=\"section\">\n\t\t\t\t\t\t<div class=\"elementor-container elementor-column-gap-default\">\n\t\t\t\t\t\t\t<div class=\"elementor-row\">\n\t\t\t\t\t<div class=\"elementor-column elementor-col-100 elementor-top-column elementor-element elementor-element-46f0756\" data-id=\"46f0756\" data-element_type=\"column\">\n\t\t\t<div class=\"elementor-column-wrap elementor-element-populated\">\n\t\t\t\t\t\t\t<div class=\"elementor-widget-wrap\">\n\t\t\t\t\t\t<div class=\"elementor-element elementor-element-84e4da2 elementor-align-left elementor-widget elementor-widget-heading\" data-id=\"84e4da2\" data-element_type=\"widget\" data-widget_type=\"heading.default\">\n\t\t\t\t<div class=\"elementor-widget-container\">\n\t\t\t<h1 class=\"elementor-heading-title elementor-size-default\">Wenn Sie spenden m\u00f6chten<\/h1>\t\t<\/div>\n\t\t\t\t<\/div>\n\t\t\t\t\t\t<\/div>\n\t\t\t\t\t<\/div>\n\t\t<\/div>\n\t\t\t\t\t\t\t\t<\/div>\n\t\t\t\t\t<\/div>\n\t\t<\/section>\n\t\t\t\t<section class=\"elementor-section elementor-top-section elementor-element elementor-element-e277a6b elementor-section-boxed elementor-section-height-default elementor-section-height-default\" data-id=\"e277a6b\" data-element_type=\"section\">\n\t\t\t\t\t\t<div class=\"elementor-container elementor-column-gap-default\">\n\t\t\t\t\t\t\t<div class=\"elementor-row\">\n\t\t\t\t\t<div class=\"elementor-column elementor-col-50 elementor-top-column elementor-element elementor-element-3cf7fc3\" data-id=\"3cf7fc3\" data-element_type=\"column\">\n\t\t\t<div class=\"elementor-column-wrap elementor-element-populated\">\n\t\t\t\t\t\t\t<div class=\"elementor-widget-wrap\">\n\t\t\t\t\t\t<div class=\"elementor-element elementor-element-41796b8 elementor-widget elementor-widget-html\" data-id=\"41796b8\" data-element_type=\"widget\" data-widget_type=\"html.default\">\n\t\t\t\t<div class=\"elementor-widget-container\">\n\t\t\t<div class=\"rnw-widget-container\"><\/div><script src=\"https:\/\/tamaro.raisenow.com\/smili-b9d8\/latest\/widget.js\"><\/script><script>window.rnw.tamaro.runWidget('.rnw-widget-container', {language: 'en'})<\/script>\t\t<\/div>\n\t\t\t\t<\/div>\n\t\t\t\t\t\t<\/div>\n\t\t\t\t\t<\/div>\n\t\t<\/div>\n\t\t\t\t<div class=\"elementor-column elementor-col-50 elementor-top-column elementor-element elementor-element-1108a43\" data-id=\"1108a43\" data-element_type=\"column\">\n\t\t\t<div class=\"elementor-column-wrap elementor-element-populated\">\n\t\t\t\t\t\t\t<div class=\"elementor-widget-wrap\">\n\t\t\t\t\t\t<div class=\"elementor-element elementor-element-4024635 elementor-widget elementor-widget-text-editor\" data-id=\"4024635\" data-element_type=\"widget\" data-widget_type=\"text-editor.default\">\n\t\t\t\t<div class=\"elementor-widget-container\">\n\t\t\t        <div class=\"elementor-text-editor elementor-clearfix\"><p>Spenden k\u00f6nnen Sie entweder direkt hier auf der Webseite oder \u00fcber unser Spendenkonto bei der Sparkasse Freiburg-N\u00f6rdlicher Breisgau. Alternativ k\u00f6nnen Sie auch an\u00a0 unsere beiden Schwesterorganisationen in der <a title=\"Spenden und Legate\" href=\"https:\/\/www.smilinggecko.ch\/de\/donation\/\">SCHWEIZ<\/a> und den <a title=\"Spenden USA\" href=\"https:\/\/www.smilinggecko.ch\/de\/spenden-usa\/\">USA<\/a> spenden. In diesem Fall erhalten Sie selbstverst\u00e4ndlich die in den beiden L\u00e4ndern g\u00fcltige landesspezifische Spendenbescheinigung.<\/p><p>Wenn Sie ein spezifisches Projekt unterst\u00fctzen m\u00f6chten, teilen Sie uns das im Rahmen Ihrer Spende mit. Wir sorgen pers\u00f6nlich daf\u00fcr, dass Ihre Spende ankommt und bedanken uns im Namen der Empf\u00e4nger ganz herzlich bei Ihnen!<\/p><\/div>\n        \t\t<\/div>\n\t\t\t\t<\/div>\n\t\t\t\t<div class=\"elementor-element elementor-element-86e2023 elementor-widget elementor-widget-heading\" data-id=\"86e2023\" data-element_type=\"widget\" data-widget_type=\"heading.default\">\n\t\t\t\t<div class=\"elementor-widget-container\">\n\t\t\t<h2 class=\"elementor-heading-title elementor-size-default\">Konto Smiling Gecko e.V.<\/h2>\t\t<\/div>\n\t\t\t\t<\/div>\n\t\t\t\t<div class=\"elementor-element elementor-element-648b1b6 elementor-widget elementor-widget-heading\" data-id=\"648b1b6\" data-element_type=\"widget\" data-widget_type=\"heading.default\">\n\t\t\t\t<div class=\"elementor-widget-container\">\n\t\t\t<h2 class=\"elementor-heading-title elementor-size-default\">bei der Sparkasse Freiburg-N\u00f6rdlicher Breisgau\u2028<\/h2>\t\t<\/div>\n\t\t\t\t<\/div>\n\t\t\t\t<div class=\"elementor-element elementor-element-4d9e87b elementor-widget elementor-widget-text-editor\" data-id=\"4d9e87b\" data-element_type=\"widget\" data-widget_type=\"text-editor.default\">\n\t\t\t\t<div class=\"elementor-widget-container\">\n\t\t\t        <div class=\"elementor-text-editor elementor-clearfix\"><p>IBAN: DE30680501010013876616<br>\u2028BIC: FRSPDE66XXX<\/p><\/div>\n        \t\t<\/div>\n\t\t\t\t<\/div>\n\t\t\t\t\t\t<\/div>\n\t\t\t\t\t<\/div>\n\t\t<\/div>\n\t\t\t\t\t\t\t\t<\/div>\n\t\t\t\t\t<\/div>\n\t\t<\/section>\n\t\t\t\t<section class=\"elementor-section elementor-top-section elementor-element elementor-element-fa67791 elementor-section-boxed elementor-section-height-default elementor-section-height-default\" data-id=\"fa67791\" data-element_type=\"section\">\n\t\t\t\t\t\t<div class=\"elementor-container elementor-column-gap-default\">\n\t\t\t\t\t\t\t<div class=\"elementor-row\">\n\t\t\t\t\t<div class=\"elementor-column elementor-col-100 elementor-top-column elementor-element elementor-element-c68d5d7\" data-id=\"c68d5d7\" data-element_type=\"column\">\n\t\t\t<div class=\"elementor-column-wrap elementor-element-populated\">\n\t\t\t\t\t\t\t<div class=\"elementor-widget-wrap\">\n\t\t\t\t\t\t<div class=\"elementor-element elementor-element-e0748c0 elementor-widget elementor-widget-menu-anchor\" data-id=\"e0748c0\" data-element_type=\"widget\" data-widget_type=\"menu-anchor.default\">\n\t\t\t\t<div class=\"elementor-widget-container\">\n\t\t\t\t\t<div id=\"Legate\" class=\"elementor-menu-anchor\"><\/div>\n\t\t\t\t<\/div>\n\t\t\t\t<\/div>\n\t\t\t\t\t\t<\/div>\n\t\t\t\t\t<\/div>\n\t\t<\/div>\n\t\t\t\t\t\t\t\t<\/div>\n\t\t\t\t\t<\/div>\n\t\t<\/section>\n\t\t\t\t<section class=\"elementor-section elementor-top-section elementor-element elementor-element-8573a23 elementor-section-boxed elementor-section-height-default elementor-section-height-default\" data-id=\"8573a23\" data-element_type=\"section\">\n\t\t\t\t\t\t<div class=\"elementor-container elementor-column-gap-default\">\n\t\t\t\t\t\t\t<div class=\"elementor-row\">\n\t\t\t\t\t<div class=\"elementor-column elementor-col-100 elementor-top-column elementor-element elementor-element-eb869d4\" data-id=\"eb869d4\" data-element_type=\"column\">\n\t\t\t<div class=\"elementor-column-wrap elementor-element-populated\">\n\t\t\t\t\t\t\t<div class=\"elementor-widget-wrap\">\n\t\t\t\t\t\t<div class=\"elementor-element elementor-element-75f4635 elementor-align-left elementor-widget elementor-widget-heading\" data-id=\"75f4635\" data-element_type=\"widget\" data-widget_type=\"heading.default\">\n\t\t\t\t<div class=\"elementor-widget-container\">\n\t\t\t<h1 class=\"elementor-heading-title elementor-size-default\">Wenn sie uns in ihrem Testament bedenken wollen<\/h1>\t\t<\/div>\n\t\t\t\t<\/div>\n\t\t\t\t\t\t<\/div>\n\t\t\t\t\t<\/div>\n\t\t<\/div>\n\t\t\t\t\t\t\t\t<\/div>\n\t\t\t\t\t<\/div>\n\t\t<\/section>\n\t\t\t\t<section class=\"elementor-section elementor-top-section elementor-element elementor-element-e93b9e8 elementor-section-boxed elementor-section-height-default elementor-section-height-default\" data-id=\"e93b9e8\" data-element_type=\"section\">\n\t\t\t\t\t\t<div class=\"elementor-container elementor-column-gap-default\">\n\t\t\t\t\t\t\t<div class=\"elementor-row\">\n\t\t\t\t\t<div class=\"elementor-column elementor-col-100 elementor-top-column elementor-element elementor-element-855971d\" data-id=\"855971d\" data-element_type=\"column\">\n\t\t\t<div class=\"elementor-column-wrap elementor-element-populated\">\n\t\t\t\t\t\t\t<div class=\"elementor-widget-wrap\">\n\t\t\t\t\t\t<div class=\"elementor-element elementor-element-e6ae6ed elementor-widget elementor-widget-text-editor\" data-id=\"e6ae6ed\" data-element_type=\"widget\" data-widget_type=\"text-editor.default\">\n\t\t\t\t<div class=\"elementor-widget-container\">\n\t\t\t        <div class=\"elementor-text-editor elementor-clearfix\"><p>Viele Menschen haben den Wunsch, \u00fcber ihr Leben hinaus etwas Gutes zu tun und die Welt so ein bisschen besser zu machen. Wir beraten Sie gerne zum Thema Nachlassplanung. Professionell, vertraulich und neutral.<\/p>\n<p>Ihr Ansprechpartner ist:<\/p>\n<p><strong>Georg Csajkas<br><\/strong>E-Mail: <a href=\"mailto:Csajkas@smilinggecko.de\">csajkas(at)smilinggecko.de<\/a><br><\/p><\/div>\n        \t\t<\/div>\n\t\t\t\t<\/div>\n\t\t\t\t\t\t<\/div>\n\t\t\t\t\t<\/div>\n\t\t<\/div>\n\t\t\t\t\t\t\t\t<\/div>\n\t\t\t\t\t<\/div>\n\t\t<\/section>\n\t\t\t\t\t\t\t\t\t<\/div>\n\t\t\t<\/div>\n\t\t\t\t\t<\/div>\n\t\t","protected":false},"excerpt":{"rendered":"<p>Spenden und Legate SPENDEN UND LEGATE Die Wege, wie sie Smiling Gecko unterst\u00fctzen k\u00f6nnen, sind so vielf\u00e4ltig wie die Bed\u00fcrfnisse, mit denen wir Tag f\u00fcr Tag in Kambodscha konfrontiert werden. Auch Jahrzehnte nach dem Ende des B\u00fcrgerkriegs leben weite Teile der Bev\u00f6lkerung in bitterster Armut. Wir sind \u00fcberzeugt, dass es mit Bildung einen Weg aus &hellip; <span class=\"more-link-wrap\"><a href=\"https:\/\/www.smilinggecko.ch\/de\/spenden-deutschland\/\" class=\"more-link\">Read More <span class=\"screen-reader-text\"> &#8222;Spenden Deutschland&#8220;<\/span><\/a><\/span><\/p>\n","protected":false},"author":3,"featured_media":0,"parent":0,"menu_order":0,"comment_status":"closed","ping_status":"closed","template":"","meta":{"om_disable_all_campaigns":false,"_monsterinsights_skip_tracking":false,"_monsterinsights_sitenote_active":false,"_monsterinsights_sitenote_note":"","_monsterinsights_sitenote_category":0,"footnotes":""},"class_list":["post-12347","page","type-page","status-publish","hentry"],"acf":[],"aioseo_notices":[],"_links":{"self":[{"href":"https:\/\/www.smilinggecko.ch\/de\/wp-json\/wp\/v2\/pages\/12347","targetHints":{"allow":["GET"]}}],"collection":[{"href":"https:\/\/www.smilinggecko.ch\/de\/wp-json\/wp\/v2\/pages"}],"about":[{"href":"https:\/\/www.smilinggecko.ch\/de\/wp-json\/wp\/v2\/types\/page"}],"author":[{"embeddable":true,"href":"https:\/\/www.smilinggecko.ch\/de\/wp-json\/wp\/v2\/users\/3"}],"replies":[{"embeddable":true,"href":"https:\/\/www.smilinggecko.ch\/de\/wp-json\/wp\/v2\/comments?post=12347"}],"version-history":[{"count":12,"href":"https:\/\/www.smilinggecko.ch\/de\/wp-json\/wp\/v2\/pages\/12347\/revisions"}],"predecessor-version":[{"id":12837,"href":"https:\/\/www.smilinggecko.ch\/de\/wp-json\/wp\/v2\/pages\/12347\/revisions\/12837"}],"wp:attachment":[{"href":"https:\/\/www.smilinggecko.ch\/de\/wp-json\/wp\/v2\/media?parent=12347"}],"curies":[{"name":"wp","href":"https:\/\/api.w.org\/{rel}","templated":true}]}}