{"id":6794,"date":"2022-08-02T09:45:38","date_gmt":"2022-08-02T09:45:38","guid":{"rendered":"https:\/\/www.smilinggecko.ch\/?page_id=6794"},"modified":"2026-04-23T14:10:41","modified_gmt":"2026-04-23T14:10:41","slug":"unser-download-archiv","status":"publish","type":"page","link":"https:\/\/www.smilinggecko.ch\/de\/cambodia-home\/was-sie-tun-koennen\/unser-download-archiv\/","title":{"rendered":"Unser Download-Archiv"},"content":{"rendered":"\t\t<div data-elementor-type=\"wp-page\" data-elementor-id=\"6794\" class=\"elementor elementor-6794\">\n\t\t\t\t\t\t<div class=\"elementor-inner\">\n\t\t\t\t<div class=\"elementor-section-wrap\">\n\t\t\t\t\t\t\t\t\t<section class=\"elementor-section elementor-top-section elementor-element elementor-element-5f6de735 elementor-section-boxed elementor-section-height-default elementor-section-height-default\" data-id=\"5f6de735\" data-element_type=\"section\">\n\t\t\t\t\t\t<div class=\"elementor-container elementor-column-gap-default\">\n\t\t\t\t\t\t\t<div class=\"elementor-row\">\n\t\t\t\t\t<div class=\"elementor-column elementor-col-100 elementor-top-column elementor-element elementor-element-7e611224\" data-id=\"7e611224\" data-element_type=\"column\">\n\t\t\t<div class=\"elementor-column-wrap elementor-element-populated\">\n\t\t\t\t\t\t\t<div class=\"elementor-widget-wrap\">\n\t\t\t\t\t\t<div class=\"elementor-element elementor-element-6d441562 elementor-widget elementor-widget-text-editor\" data-id=\"6d441562\" data-element_type=\"widget\" data-widget_type=\"text-editor.default\">\n\t\t\t\t<div class=\"elementor-widget-container\">\n\t\t\t        <div class=\"elementor-text-editor elementor-clearfix\"><p>Unser Download-Archiv<\/p><\/div>\n        \t\t<\/div>\n\t\t\t\t<\/div>\n\t\t\t\t<div class=\"elementor-element elementor-element-3d307ea7 elementor-widget elementor-widget-heading\" data-id=\"3d307ea7\" data-element_type=\"widget\" data-widget_type=\"heading.default\">\n\t\t\t\t<div class=\"elementor-widget-container\">\n\t\t\t<h1 class=\"elementor-heading-title elementor-size-default\">digital statt gedruckt: unsere brosch\u00fcren<\/h1>\t\t<\/div>\n\t\t\t\t<\/div>\n\t\t\t\t\t\t<\/div>\n\t\t\t\t\t<\/div>\n\t\t<\/div>\n\t\t\t\t\t\t\t\t<\/div>\n\t\t\t\t\t<\/div>\n\t\t<\/section>\n\t\t\t\t<section class=\"elementor-section elementor-top-section elementor-element elementor-element-4e8a3060 elementor-section-boxed elementor-section-height-default elementor-section-height-default\" data-id=\"4e8a3060\" data-element_type=\"section\">\n\t\t\t\t\t\t<div class=\"elementor-container elementor-column-gap-default\">\n\t\t\t\t\t\t\t<div class=\"elementor-row\">\n\t\t\t\t\t<div class=\"elementor-column elementor-col-100 elementor-top-column elementor-element elementor-element-46b27676\" data-id=\"46b27676\" data-element_type=\"column\">\n\t\t\t<div class=\"elementor-column-wrap elementor-element-populated\">\n\t\t\t\t\t\t\t<div class=\"elementor-widget-wrap\">\n\t\t\t\t\t\t<div class=\"elementor-element elementor-element-f071767 elementor-widget elementor-widget-text-editor\" data-id=\"f071767\" data-element_type=\"widget\" data-widget_type=\"text-editor.default\">\n\t\t\t\t<div class=\"elementor-widget-container\">\n\t\t\t        <div class=\"elementor-text-editor elementor-clearfix\"><p>Auf dieser Seite finden Sie PDFs unserer aktuellen Brosch\u00fcren. Wir freuen uns, wenn Sie sich diese herunterladen. So sparen wir (Spenden-)Gelder f\u00fcr die Print-Produktion und schonen die nat\u00fcrlichen Ressourcen.<\/p><\/div>\n        \t\t<\/div>\n\t\t\t\t<\/div>\n\t\t\t\t\t\t<\/div>\n\t\t\t\t\t<\/div>\n\t\t<\/div>\n\t\t\t\t\t\t\t\t<\/div>\n\t\t\t\t\t<\/div>\n\t\t<\/section>\n\t\t\t\t<section class=\"elementor-section elementor-top-section elementor-element elementor-element-02e7eb5 elementor-section-boxed elementor-section-height-default elementor-section-height-default\" data-id=\"02e7eb5\" data-element_type=\"section\">\n\t\t\t\t\t\t<div class=\"elementor-container elementor-column-gap-default\">\n\t\t\t\t\t\t\t<div class=\"elementor-row\">\n\t\t\t\t\t<div class=\"elementor-column elementor-col-100 elementor-top-column elementor-element elementor-element-ff639d1\" data-id=\"ff639d1\" data-element_type=\"column\">\n\t\t\t<div class=\"elementor-column-wrap elementor-element-populated\">\n\t\t\t\t\t\t\t<div class=\"elementor-widget-wrap\">\n\t\t\t\t\t\t<div class=\"elementor-element elementor-element-e4061bc elementor-widget elementor-widget-image\" data-id=\"e4061bc\" data-element_type=\"widget\" data-widget_type=\"image.default\">\n\t\t\t\t<div class=\"elementor-widget-container\">\n\t\t\t\t\t\t\t\t<div class=\"elementor-image\">\n\t\t\t\t\t\t\t\t\t\t\t\t<img loading=\"lazy\" decoding=\"async\" width=\"2020\" height=\"1453\" src=\"https:\/\/www.smilinggecko.ch\/wp-content\/uploads\/2025\/12\/Jahresrueckblick2025\u2013DE.jpg\" class=\"attachment-full size-full\" alt=\"\" srcset=\"https:\/\/www.smilinggecko.ch\/wp-content\/uploads\/2025\/12\/Jahresrueckblick2025\u2013DE.jpg 2020w, https:\/\/www.smilinggecko.ch\/wp-content\/uploads\/2025\/12\/Jahresrueckblick2025\u2013DE-300x216.jpg 300w, https:\/\/www.smilinggecko.ch\/wp-content\/uploads\/2025\/12\/Jahresrueckblick2025\u2013DE-1024x737.jpg 1024w, https:\/\/www.smilinggecko.ch\/wp-content\/uploads\/2025\/12\/Jahresrueckblick2025\u2013DE-768x552.jpg 768w, https:\/\/www.smilinggecko.ch\/wp-content\/uploads\/2025\/12\/Jahresrueckblick2025\u2013DE-1536x1105.jpg 1536w, https:\/\/www.smilinggecko.ch\/wp-content\/uploads\/2025\/12\/Jahresrueckblick2025\u2013DE-400x288.jpg 400w\" sizes=\"auto, (max-width: 2020px) 100vw, 2020px\" \/>\t\t\t\t\t\t\t\t\t\t\t\t\t\t<\/div>\n\t\t\t\t\t\t<\/div>\n\t\t\t\t<\/div>\n\t\t\t\t<div class=\"elementor-element elementor-element-8840d1c elementor-align-center elementor-widget elementor-widget-heading\" data-id=\"8840d1c\" data-element_type=\"widget\" data-widget_type=\"heading.default\">\n\t\t\t\t<div class=\"elementor-widget-container\">\n\t\t\t<h5 class=\"elementor-heading-title elementor-size-default\">JahreSR\u00fcckblick 2025<\/h5>\t\t<\/div>\n\t\t\t\t<\/div>\n\t\t\t\t<div class=\"elementor-element elementor-element-afdb404 elementor-widget elementor-widget-text-editor\" data-id=\"afdb404\" data-element_type=\"widget\" data-widget_type=\"text-editor.default\">\n\t\t\t\t<div class=\"elementor-widget-container\">\n\t\t\t        <div class=\"elementor-text-editor elementor-clearfix\"><p style=\"text-align: center;\"><span style=\"text-decoration: underline;\"><strong><a href=\"https:\/\/www.smilinggecko.ch\/wp-content\/uploads\/2025\/12\/Jahresrueckblick-2025-\u2013-DE.pdf\" target=\"_blank\" rel=\"noopener\">Download \u2013 deutsche Version<\/a><\/strong><\/span><\/p><\/div>\n        \t\t<\/div>\n\t\t\t\t<\/div>\n\t\t\t\t<div class=\"elementor-element elementor-element-6094b74 elementor-widget elementor-widget-text-editor\" data-id=\"6094b74\" data-element_type=\"widget\" data-widget_type=\"text-editor.default\">\n\t\t\t\t<div class=\"elementor-widget-container\">\n\t\t\t        <div class=\"elementor-text-editor elementor-clearfix\"><p style=\"text-align: center;\"><span style=\"text-decoration: underline;\"><strong><a href=\"https:\/\/www.smilinggecko.ch\/wp-content\/uploads\/2025\/12\/Our-Review-of-2025-\u2013-EN.pdf\" target=\"_blank\" rel=\"noopener\">Download \u2013 englische Version<\/a><\/strong><\/span><\/p><\/div>\n        \t\t<\/div>\n\t\t\t\t<\/div>\n\t\t\t\t\t\t<\/div>\n\t\t\t\t\t<\/div>\n\t\t<\/div>\n\t\t\t\t\t\t\t\t<\/div>\n\t\t\t\t\t<\/div>\n\t\t<\/section>\n\t\t\t\t<section class=\"elementor-section elementor-top-section elementor-element elementor-element-b387d25 elementor-section-boxed elementor-section-height-default elementor-section-height-default\" data-id=\"b387d25\" data-element_type=\"section\">\n\t\t\t\t\t\t<div class=\"elementor-container elementor-column-gap-default\">\n\t\t\t\t\t\t\t<div class=\"elementor-row\">\n\t\t\t\t\t<div class=\"elementor-column elementor-col-100 elementor-top-column elementor-element elementor-element-971ab81\" data-id=\"971ab81\" data-element_type=\"column\">\n\t\t\t<div class=\"elementor-column-wrap\">\n\t\t\t\t\t\t\t<div class=\"elementor-widget-wrap\">\n\t\t\t\t\t\t\t\t<\/div>\n\t\t\t\t\t<\/div>\n\t\t<\/div>\n\t\t\t\t\t\t\t\t<\/div>\n\t\t\t\t\t<\/div>\n\t\t<\/section>\n\t\t\t\t<section class=\"elementor-section elementor-top-section elementor-element elementor-element-737b701 elementor-section-full_width elementor-section-stretched elementor-section-height-default elementor-section-height-default\" data-id=\"737b701\" data-element_type=\"section\" data-settings=\"{&quot;stretch_section&quot;:&quot;section-stretched&quot;}\">\n\t\t\t\t\t\t<div class=\"elementor-container elementor-column-gap-default\">\n\t\t\t\t\t\t\t<div class=\"elementor-row\">\n\t\t\t\t\t<div class=\"elementor-column elementor-col-33 elementor-top-column elementor-element elementor-element-d7e9336\" data-id=\"d7e9336\" data-element_type=\"column\">\n\t\t\t<div class=\"elementor-column-wrap elementor-element-populated\">\n\t\t\t\t\t\t\t<div class=\"elementor-widget-wrap\">\n\t\t\t\t\t\t<div class=\"elementor-element elementor-element-bb115dd elementor-widget elementor-widget-image\" data-id=\"bb115dd\" data-element_type=\"widget\" data-widget_type=\"image.default\">\n\t\t\t\t<div class=\"elementor-widget-container\">\n\t\t\t\t\t\t\t\t<div class=\"elementor-image\">\n\t\t\t\t\t\t\t\t\t\t\t\t<img loading=\"lazy\" decoding=\"async\" width=\"1600\" height=\"1187\" src=\"https:\/\/www.smilinggecko.ch\/wp-content\/uploads\/2024\/12\/Rueckblick-de.jpg\" class=\"attachment-full size-full\" alt=\"\" srcset=\"https:\/\/www.smilinggecko.ch\/wp-content\/uploads\/2024\/12\/Rueckblick-de.jpg 1600w, https:\/\/www.smilinggecko.ch\/wp-content\/uploads\/2024\/12\/Rueckblick-de-300x223.jpg 300w, https:\/\/www.smilinggecko.ch\/wp-content\/uploads\/2024\/12\/Rueckblick-de-1024x760.jpg 1024w, https:\/\/www.smilinggecko.ch\/wp-content\/uploads\/2024\/12\/Rueckblick-de-768x570.jpg 768w, https:\/\/www.smilinggecko.ch\/wp-content\/uploads\/2024\/12\/Rueckblick-de-1536x1140.jpg 1536w, https:\/\/www.smilinggecko.ch\/wp-content\/uploads\/2024\/12\/Rueckblick-de-400x297.jpg 400w\" sizes=\"auto, (max-width: 1600px) 100vw, 1600px\" \/>\t\t\t\t\t\t\t\t\t\t\t\t\t\t<\/div>\n\t\t\t\t\t\t<\/div>\n\t\t\t\t<\/div>\n\t\t\t\t<div class=\"elementor-element elementor-element-1962bc4 elementor-align-center elementor-widget elementor-widget-heading\" data-id=\"1962bc4\" data-element_type=\"widget\" data-widget_type=\"heading.default\">\n\t\t\t\t<div class=\"elementor-widget-container\">\n\t\t\t<h5 class=\"elementor-heading-title elementor-size-default\">10 Jahre Smiling Gecko Cambodia<\/h5>\t\t<\/div>\n\t\t\t\t<\/div>\n\t\t\t\t<div class=\"elementor-element elementor-element-2d18527 elementor-widget elementor-widget-text-editor\" data-id=\"2d18527\" data-element_type=\"widget\" data-widget_type=\"text-editor.default\">\n\t\t\t\t<div class=\"elementor-widget-container\">\n\t\t\t        <div class=\"elementor-text-editor elementor-clearfix\"><p style=\"text-align: center;\"><span style=\"text-decoration: underline;\"><strong><a href=\"https:\/\/www.smilinggecko.ch\/wp-content\/uploads\/2024\/12\/10-Jahres-Rueckblick\u2013Web.pdf\" target=\"_blank\" rel=\"noopener\">Download \u2013 deutsche Version<\/a><\/strong><\/span><\/p><\/div>\n        \t\t<\/div>\n\t\t\t\t<\/div>\n\t\t\t\t<div class=\"elementor-element elementor-element-7fa7c29 elementor-widget elementor-widget-text-editor\" data-id=\"7fa7c29\" data-element_type=\"widget\" data-widget_type=\"text-editor.default\">\n\t\t\t\t<div class=\"elementor-widget-container\">\n\t\t\t        <div class=\"elementor-text-editor elementor-clearfix\"><p style=\"text-align: center;\"><span style=\"text-decoration: underline;\"><strong><a href=\"https:\/\/www.smilinggecko.ch\/wp-content\/uploads\/2024\/12\/A_LOOK_BACK_TO_THE_FUTURE-WEB.pdf\" target=\"_blank\" rel=\"noopener\">Download \u2013 englische Version<\/a><\/strong><\/span><\/p><\/div>\n        \t\t<\/div>\n\t\t\t\t<\/div>\n\t\t\t\t\t\t<\/div>\n\t\t\t\t\t<\/div>\n\t\t<\/div>\n\t\t\t\t<div class=\"elementor-column elementor-col-33 elementor-top-column elementor-element elementor-element-39b9c77\" data-id=\"39b9c77\" data-element_type=\"column\">\n\t\t\t<div class=\"elementor-column-wrap elementor-element-populated\">\n\t\t\t\t\t\t\t<div class=\"elementor-widget-wrap\">\n\t\t\t\t\t\t<div class=\"elementor-element elementor-element-ac13c51 elementor-widget elementor-widget-spacer\" data-id=\"ac13c51\" data-element_type=\"widget\" data-widget_type=\"spacer.default\">\n\t\t\t\t<div class=\"elementor-widget-container\">\n\t\t\t\t\t<div class=\"elementor-spacer\">\n\t\t\t<div class=\"elementor-spacer-inner\"><\/div>\n\t\t<\/div>\n\t\t\t\t<\/div>\n\t\t\t\t<\/div>\n\t\t\t\t<div class=\"elementor-element elementor-element-fbf005f elementor-widget elementor-widget-image\" data-id=\"fbf005f\" data-element_type=\"widget\" data-widget_type=\"image.default\">\n\t\t\t\t<div class=\"elementor-widget-container\">\n\t\t\t\t\t\t\t\t<div class=\"elementor-image\">\n\t\t\t\t\t\t\t\t\t\t\t\t<img loading=\"lazy\" decoding=\"async\" width=\"600\" height=\"431\" src=\"https:\/\/www.smilinggecko.ch\/wp-content\/uploads\/2025\/08\/Wir-sind-Smiling-Gecko_DE-1024x735.jpg\" class=\"attachment-large size-large\" alt=\"\" srcset=\"https:\/\/www.smilinggecko.ch\/wp-content\/uploads\/2025\/08\/Wir-sind-Smiling-Gecko_DE-1024x735.jpg 1024w, https:\/\/www.smilinggecko.ch\/wp-content\/uploads\/2025\/08\/Wir-sind-Smiling-Gecko_DE-300x215.jpg 300w, https:\/\/www.smilinggecko.ch\/wp-content\/uploads\/2025\/08\/Wir-sind-Smiling-Gecko_DE-768x552.jpg 768w, https:\/\/www.smilinggecko.ch\/wp-content\/uploads\/2025\/08\/Wir-sind-Smiling-Gecko_DE-1536x1103.jpg 1536w, https:\/\/www.smilinggecko.ch\/wp-content\/uploads\/2025\/08\/Wir-sind-Smiling-Gecko_DE-2048x1471.jpg 2048w, https:\/\/www.smilinggecko.ch\/wp-content\/uploads\/2025\/08\/Wir-sind-Smiling-Gecko_DE-400x287.jpg 400w\" sizes=\"auto, (max-width: 600px) 100vw, 600px\" \/>\t\t\t\t\t\t\t\t\t\t\t\t\t\t<\/div>\n\t\t\t\t\t\t<\/div>\n\t\t\t\t<\/div>\n\t\t\t\t<div class=\"elementor-element elementor-element-ed4943d elementor-align-center elementor-widget elementor-widget-heading\" data-id=\"ed4943d\" data-element_type=\"widget\" data-widget_type=\"heading.default\">\n\t\t\t\t<div class=\"elementor-widget-container\">\n\t\t\t<h5 class=\"elementor-heading-title elementor-size-default\">Kurzbrosch\u00fcre<\/h5>\t\t<\/div>\n\t\t\t\t<\/div>\n\t\t\t\t<div class=\"elementor-element elementor-element-2dbd004 elementor-widget elementor-widget-text-editor\" data-id=\"2dbd004\" data-element_type=\"widget\" data-widget_type=\"text-editor.default\">\n\t\t\t\t<div class=\"elementor-widget-container\">\n\t\t\t        <div class=\"elementor-text-editor elementor-clearfix\"><p style=\"text-align: center;\"><span style=\"text-decoration: underline;\"><strong><a href=\"https:\/\/www.smilinggecko.ch\/wp-content\/uploads\/2025\/08\/Wir-sind-Smiling-Gecko_DE_CH.pdf\" target=\"_blank\" rel=\"noopener\">Download &#8211; deutsche Version<\/a><\/strong><\/span><\/p><\/div>\n        \t\t<\/div>\n\t\t\t\t<\/div>\n\t\t\t\t<div class=\"elementor-element elementor-element-a674f23 elementor-widget elementor-widget-text-editor\" data-id=\"a674f23\" data-element_type=\"widget\" data-widget_type=\"text-editor.default\">\n\t\t\t\t<div class=\"elementor-widget-container\">\n\t\t\t        <div class=\"elementor-text-editor elementor-clearfix\"><p style=\"text-align: center;\"><span style=\"text-decoration: underline;\"><strong><a href=\"https:\/\/www.smilinggecko.ch\/wp-content\/uploads\/2025\/08\/We-are-Smiling-Gecko_EN_CH.pdf\" target=\"_blank\" rel=\"noopener\">Download \u2013 englische Version<\/a><\/strong><\/span><\/p><\/div>\n        \t\t<\/div>\n\t\t\t\t<\/div>\n\t\t\t\t\t\t<\/div>\n\t\t\t\t\t<\/div>\n\t\t<\/div>\n\t\t\t\t<div class=\"elementor-column elementor-col-33 elementor-top-column elementor-element elementor-element-a38ea1b\" data-id=\"a38ea1b\" data-element_type=\"column\">\n\t\t\t<div class=\"elementor-column-wrap elementor-element-populated\">\n\t\t\t\t\t\t\t<div class=\"elementor-widget-wrap\">\n\t\t\t\t\t\t<div class=\"elementor-element elementor-element-b0cdb1d elementor-widget elementor-widget-image\" data-id=\"b0cdb1d\" data-element_type=\"widget\" data-widget_type=\"image.default\">\n\t\t\t\t<div class=\"elementor-widget-container\">\n\t\t\t\t\t\t\t\t<div class=\"elementor-image\">\n\t\t\t\t\t\t\t\t\t\t\t\t<img loading=\"lazy\" decoding=\"async\" width=\"600\" height=\"808\" src=\"https:\/\/www.smilinggecko.ch\/wp-content\/uploads\/2024\/12\/Farmhouse-Resort-Spa-760x1024.jpg\" class=\"attachment-large size-large\" alt=\"\" srcset=\"https:\/\/www.smilinggecko.ch\/wp-content\/uploads\/2024\/12\/Farmhouse-Resort-Spa-760x1024.jpg 760w, https:\/\/www.smilinggecko.ch\/wp-content\/uploads\/2024\/12\/Farmhouse-Resort-Spa-223x300.jpg 223w, https:\/\/www.smilinggecko.ch\/wp-content\/uploads\/2024\/12\/Farmhouse-Resort-Spa-768x1035.jpg 768w, https:\/\/www.smilinggecko.ch\/wp-content\/uploads\/2024\/12\/Farmhouse-Resort-Spa-1140x1536.jpg 1140w, https:\/\/www.smilinggecko.ch\/wp-content\/uploads\/2024\/12\/Farmhouse-Resort-Spa-400x539.jpg 400w, https:\/\/www.smilinggecko.ch\/wp-content\/uploads\/2024\/12\/Farmhouse-Resort-Spa.jpg 1187w\" sizes=\"auto, (max-width: 600px) 100vw, 600px\" \/>\t\t\t\t\t\t\t\t\t\t\t\t\t\t<\/div>\n\t\t\t\t\t\t<\/div>\n\t\t\t\t<\/div>\n\t\t\t\t<div class=\"elementor-element elementor-element-2d716d9 elementor-align-center elementor-widget elementor-widget-heading\" data-id=\"2d716d9\" data-element_type=\"widget\" data-widget_type=\"heading.default\">\n\t\t\t\t<div class=\"elementor-widget-container\">\n\t\t\t<h5 class=\"elementor-heading-title elementor-size-default\">Flyer des Farmhouse Resorts <\/h5>\t\t<\/div>\n\t\t\t\t<\/div>\n\t\t\t\t<div class=\"elementor-element elementor-element-48909b6 elementor-widget elementor-widget-text-editor\" data-id=\"48909b6\" data-element_type=\"widget\" data-widget_type=\"text-editor.default\">\n\t\t\t\t<div class=\"elementor-widget-container\">\n\t\t\t        <div class=\"elementor-text-editor elementor-clearfix\"><p style=\"text-align: center;\"><span style=\"text-decoration: underline;\"><strong><a href=\"https:\/\/www.smilinggecko.ch\/wp-content\/uploads\/2024\/12\/Farmhouse-Resort-Spa.pdf\" target=\"_blank\" rel=\"noopener\">Download \u2013 englische Version<\/a><\/strong><\/span><\/p><\/div>\n        \t\t<\/div>\n\t\t\t\t<\/div>\n\t\t\t\t\t\t<\/div>\n\t\t\t\t\t<\/div>\n\t\t<\/div>\n\t\t\t\t\t\t\t\t<\/div>\n\t\t\t\t\t<\/div>\n\t\t<\/section>\n\t\t\t\t\t\t\t\t\t<\/div>\n\t\t\t<\/div>\n\t\t\t\t\t<\/div>\n\t\t","protected":false},"excerpt":{"rendered":"<p>Unser Download-Archiv digital statt gedruckt: unsere brosch\u00fcren Auf dieser Seite finden Sie PDFs unserer aktuellen Brosch\u00fcren. Wir freuen uns, wenn Sie sich diese herunterladen. So sparen wir (Spenden-)Gelder f\u00fcr die Print-Produktion und schonen die nat\u00fcrlichen Ressourcen. JahreSR\u00fcckblick 2025 Download \u2013 deutsche Version Download \u2013 englische Version 10 Jahre Smiling Gecko Cambodia Download \u2013 deutsche Version &hellip; <span class=\"more-link-wrap\"><a href=\"https:\/\/www.smilinggecko.ch\/de\/cambodia-home\/was-sie-tun-koennen\/unser-download-archiv\/\" class=\"more-link\">Read More <span class=\"screen-reader-text\"> &#8222;Unser Download-Archiv&#8220;<\/span><\/a><\/span><\/p>\n","protected":false},"author":3,"featured_media":0,"parent":7073,"menu_order":0,"comment_status":"closed","ping_status":"closed","template":"","meta":{"om_disable_all_campaigns":false,"_monsterinsights_skip_tracking":false,"_monsterinsights_sitenote_active":false,"_monsterinsights_sitenote_note":"","_monsterinsights_sitenote_category":0,"footnotes":""},"class_list":["post-6794","page","type-page","status-publish","hentry"],"acf":[],"aioseo_notices":[],"_links":{"self":[{"href":"https:\/\/www.smilinggecko.ch\/de\/wp-json\/wp\/v2\/pages\/6794","targetHints":{"allow":["GET"]}}],"collection":[{"href":"https:\/\/www.smilinggecko.ch\/de\/wp-json\/wp\/v2\/pages"}],"about":[{"href":"https:\/\/www.smilinggecko.ch\/de\/wp-json\/wp\/v2\/types\/page"}],"author":[{"embeddable":true,"href":"https:\/\/www.smilinggecko.ch\/de\/wp-json\/wp\/v2\/users\/3"}],"replies":[{"embeddable":true,"href":"https:\/\/www.smilinggecko.ch\/de\/wp-json\/wp\/v2\/comments?post=6794"}],"version-history":[{"count":102,"href":"https:\/\/www.smilinggecko.ch\/de\/wp-json\/wp\/v2\/pages\/6794\/revisions"}],"predecessor-version":[{"id":24282,"href":"https:\/\/www.smilinggecko.ch\/de\/wp-json\/wp\/v2\/pages\/6794\/revisions\/24282"}],"up":[{"embeddable":true,"href":"https:\/\/www.smilinggecko.ch\/de\/wp-json\/wp\/v2\/pages\/7073"}],"wp:attachment":[{"href":"https:\/\/www.smilinggecko.ch\/de\/wp-json\/wp\/v2\/media?parent=6794"}],"curies":[{"name":"wp","href":"https:\/\/api.w.org\/{rel}","templated":true}]}}